{"id":1091,"date":"2017-04-22T08:13:19","date_gmt":"2017-04-22T06:13:19","guid":{"rendered":"http:\/\/www.rennes-le-chateau.fr\/documents\/"},"modified":"2025-06-05T15:06:16","modified_gmt":"2025-06-05T13:06:16","slug":"documents","status":"publish","type":"page","link":"https:\/\/www.rennes-le-chateau.fr\/en\/documents\/","title":{"rendered":"Documents"},"content":{"rendered":"<p>[et_pb_section fb_built=&#8221;1&#8243; admin_label=&#8221;section&#8221; _builder_version=&#8221;4.16&#8243; background_color=&#8221;#af6a97&#8243; transparent_background=&#8221;off&#8221; make_fullwidth=&#8221;off&#8221; use_custom_width=&#8221;off&#8221; width_unit=&#8221;on&#8221; global_colors_info=&#8221;{}&#8221;][et_pb_row admin_label=&#8221;row&#8221; module_class=&#8221; et_pb_row_fullwidth&#8221; _builder_version=&#8221;4.16&#8243; background_size=&#8221;initial&#8221; background_position=&#8221;top_left&#8221; background_repeat=&#8221;repeat&#8221; width=&#8221;89%&#8221; width_tablet=&#8221;80%&#8221; width_last_edited=&#8221;on|desktop&#8221; max_width=&#8221;89%&#8221; max_width_tablet=&#8221;80%&#8221; max_width_last_edited=&#8221;on|desktop&#8221; make_fullwidth=&#8221;on&#8221; use_custom_width=&#8221;off&#8221; width_unit=&#8221;on&#8221; global_colors_info=&#8221;{}&#8221; width_phone=&#8221;80%&#8221; max_width_phone=&#8221;80%&#8221;][et_pb_column type=&#8221;4_4&#8243; _builder_version=&#8221;4.16&#8243; custom_padding=&#8221;|||&#8221; global_colors_info=&#8221;{}&#8221; custom_padding__hover=&#8221;|||&#8221;][et_pb_text admin_label=&#8221;Text&#8221; _builder_version=&#8221;4.16&#8243; background_size=&#8221;initial&#8221; background_position=&#8221;top_left&#8221; background_repeat=&#8221;repeat&#8221; text_orientation=&#8221;center&#8221; module_alignment=&#8221;center&#8221; use_border_color=&#8221;off&#8221; border_color=&#8221;#ffffff&#8221; border_style=&#8221;solid&#8221; global_colors_info=&#8221;{}&#8221;]<\/p>\n<h1 class=\"saumon\">Twin town Rosazza<\/h1>\n<p>[\/et_pb_text][\/et_pb_column][\/et_pb_row][\/et_pb_section][et_pb_section fb_built=&#8221;1&#8243; specialty=&#8221;on&#8221; admin_label=&#8221;Section&#8221; _builder_version=&#8221;4.16&#8243; global_colors_info=&#8221;{}&#8221;][et_pb_column type=&#8221;2_3&#8243; specialty_columns=&#8221;2&#8243; _builder_version=&#8221;4.16&#8243; custom_padding=&#8221;|||&#8221; global_colors_info=&#8221;{}&#8221; custom_padding__hover=&#8221;|||&#8221;][et_pb_row_inner admin_label=&#8221;Row&#8221; _builder_version=&#8221;4.16&#8243; global_colors_info=&#8221;{}&#8221;][et_pb_column_inner saved_specialty_column_type=&#8221;2_3&#8243; _builder_version=&#8221;4.16&#8243; custom_padding=&#8221;|||&#8221; global_colors_info=&#8221;{}&#8221; custom_padding__hover=&#8221;|||&#8221;][et_pb_text _builder_version=&#8221;4.24.2&#8243; _module_preset=&#8221;default&#8221; hover_enabled=&#8221;0&#8243; sticky_enabled=&#8221;0&#8243;]<\/p>\n<p>The twinning between <strong>Rennes-le-Ch\u00e2teau<\/strong>, in France, and <strong>Rosazza<\/strong>, in Italy, is a unique alliance uniting two villages steeped in mystery, history, and symbolism. Officially sealed in April 2023, this partnership is based on the striking similarities between these two locations nestled in mountainous landscapes.<\/p>\n<p><strong>Villages united by mystery and history<\/strong><br \/>Rennes-le-Ch\u00e2teau, perched in the Aude department, is famous for the enigmas surrounding Abbot B\u00e9renger Sauni\u00e8re, who allegedly discovered a mysterious treasure in the 19th century. This legend has attracted treasure hunters and esoteric enthusiasts from around the world.<\/p>\n<p>For its part, Rosazza, nicknamed &#8220;the pearl of the Biellesi Alps,&#8221; is an Italian village rich in Masonic symbols and enigmatic architecture, a legacy of Senator Federico Rosazza, who profoundly influenced its development in the 19th century.<\/p>\n<p>Both villages share a fascination with mystery, symbolism and the esoteric, as well as a history marked by emblematic figures who have left a lasting mark on their heritage.<\/p>\n<p><strong>A Symbolic Ceremony<\/strong><br \/>The official twinning ceremony took place in Rennes-le-Ch\u00e2teau in April 2023, attended by Mayors Francesca Delmastro delle Vedove and Alexandre Painco, as well as numerous residents and guests. The festivities included the reading of the charter, speeches, the exchange of regional products, and the unveiling of a commemorative plaque at the entrance to the village. An olive tree was also planted at the belvedere, located at the top of the village, symbolizing the desire of both communities to see their partnership flourish in the future.<\/p>\n<p><strong>A Promising Alliance<\/strong><br \/>The twinning between Rennes-le-Ch\u00e2teau and Rosazza illustrates how villages, although geographically distant, can come together thanks to shared histories and aspirations. This alliance promises to boost the cultural and tourist life of both communities, while celebrating their rich heritage and shared passion for mystery and history.<\/p>\n<p>[\/et_pb_text][\/et_pb_column_inner][\/et_pb_row_inner][et_pb_row_inner _builder_version=&#8221;4.24.2&#8243; _module_preset=&#8221;default&#8221; column_structure=&#8221;1_2,1_2&#8243;][et_pb_column_inner saved_specialty_column_type=&#8221;2_3&#8243; _builder_version=&#8221;4.24.2&#8243; _module_preset=&#8221;default&#8221; type=&#8221;1_2&#8243;][et_pb_image src=&#8221;https:\/\/www.rennes-le-chateau.fr\/wp-content\/uploads\/2025\/05\/DSC1897.jpg&#8221; _builder_version=&#8221;4.24.2&#8243; _module_preset=&#8221;default&#8221; title_text=&#8221;_DSC1897&#8243; hover_enabled=&#8221;0&#8243; sticky_enabled=&#8221;0&#8243;][\/et_pb_image][et_pb_image src=&#8221;https:\/\/www.rennes-le-chateau.fr\/wp-content\/uploads\/2025\/05\/DSC1986.jpg&#8221; _builder_version=&#8221;4.24.2&#8243; _module_preset=&#8221;default&#8221; title_text=&#8221;_DSC1986&#8243; hover_enabled=&#8221;0&#8243; sticky_enabled=&#8221;0&#8243;][\/et_pb_image][et_pb_image src=&#8221;https:\/\/www.rennes-le-chateau.fr\/wp-content\/uploads\/2025\/05\/DSC2108.jpg&#8221; _builder_version=&#8221;4.24.2&#8243; _module_preset=&#8221;default&#8221; title_text=&#8221;_DSC2108&#8243; hover_enabled=&#8221;0&#8243; sticky_enabled=&#8221;0&#8243;][\/et_pb_image][\/et_pb_column_inner][et_pb_column_inner saved_specialty_column_type=&#8221;2_3&#8243; _builder_version=&#8221;4.24.2&#8243; _module_preset=&#8221;default&#8221; type=&#8221;1_2&#8243;][et_pb_image src=&#8221;https:\/\/www.rennes-le-chateau.fr\/wp-content\/uploads\/2025\/05\/DSC1950-rotated.jpg&#8221; _builder_version=&#8221;4.24.2&#8243; _module_preset=&#8221;default&#8221; title_text=&#8221;_DSC1950&#8243; hover_enabled=&#8221;0&#8243; sticky_enabled=&#8221;0&#8243;][\/et_pb_image][et_pb_image src=&#8221;https:\/\/www.rennes-le-chateau.fr\/wp-content\/uploads\/2025\/05\/DSC2007-rotated.jpg&#8221; _builder_version=&#8221;4.24.2&#8243; _module_preset=&#8221;default&#8221; title_text=&#8221;_DSC2007&#8243; hover_enabled=&#8221;0&#8243; sticky_enabled=&#8221;0&#8243;][\/et_pb_image][\/et_pb_column_inner][\/et_pb_row_inner][\/et_pb_column][et_pb_column type=&#8221;1_3&#8243; _builder_version=&#8221;4.16&#8243; custom_padding=&#8221;|||&#8221; global_colors_info=&#8221;{}&#8221; custom_padding__hover=&#8221;|||&#8221;][et_pb_sidebar area=&#8221;sidebar-1&#8243; show_border=&#8221;off&#8221; admin_label=&#8221;Sidebar&#8221; _builder_version=&#8221;4.16&#8243; header_text_color=&#8221;#af6a97&#8243; remove_border=&#8221;on&#8221; global_colors_info=&#8221;{}&#8221;][\/et_pb_sidebar][\/et_pb_column][\/et_pb_section]<\/p>\n<div style=\"padding-bottom:20px; padding-top:10px;\" class=\"hupso-share-buttons\"><!-- Hupso Share Buttons - http:\/\/www.hupso.com\/share\/ --><a class=\"hupso_toolbar\" href=\"http:\/\/www.hupso.com\/share\/\" target=\"_blank\" rel=\"noopener\"><img decoding=\"async\" src=\"https:\/\/static.hupso.com\/share\/buttons\/dot.png\" style=\"border:0px; padding-top:5px; float:left;\" alt=\"Share Button\"\/><\/a><script type=\"text\/javascript\">var hupso_services_t=new Array(\"Twitter\",\"Facebook\",\"Google Plus\");var hupso_background_t=\"#FFFFFF\";var hupso_border_t=\"#FFFFFF\";var hupso_toolbar_size_t=\"medium\";var hupso_twitter_via = \"DomaineRLC\";var hupso_image_folder_url = \"\";var hupso_twitter_via=\"DomaineRLC\";var hupso_url_t=\"\";var hupso_title_t=\"Documents\";<\/script><script type=\"text\/javascript\" src=\"https:\/\/static.hupso.com\/share\/js\/share_toolbar.js\"><\/script><!-- Hupso Share Buttons --><\/div>","protected":false},"excerpt":{"rendered":"<p>Twin town RosazzaThe twinning between Rennes-le-Ch\u00e2teau, in France, and Rosazza, in Italy, is a unique alliance uniting two villages steeped in mystery, history, and symbolism. Officially sealed in April 2023, this partnership is based on the striking similarities between these two locations nestled in mountainous landscapes. Villages united by mystery and historyRennes-le-Ch\u00e2teau, perched in the [&hellip;]<\/p>\n","protected":false},"author":1,"featured_media":0,"parent":0,"menu_order":0,"comment_status":"closed","ping_status":"closed","template":"","meta":{"_et_pb_use_builder":"on","_et_pb_old_content":"","_et_gb_content_width":"","footnotes":""},"_links":{"self":[{"href":"https:\/\/www.rennes-le-chateau.fr\/en\/wp-json\/wp\/v2\/pages\/1091"}],"collection":[{"href":"https:\/\/www.rennes-le-chateau.fr\/en\/wp-json\/wp\/v2\/pages"}],"about":[{"href":"https:\/\/www.rennes-le-chateau.fr\/en\/wp-json\/wp\/v2\/types\/page"}],"author":[{"embeddable":true,"href":"https:\/\/www.rennes-le-chateau.fr\/en\/wp-json\/wp\/v2\/users\/1"}],"replies":[{"embeddable":true,"href":"https:\/\/www.rennes-le-chateau.fr\/en\/wp-json\/wp\/v2\/comments?post=1091"}],"version-history":[{"count":1,"href":"https:\/\/www.rennes-le-chateau.fr\/en\/wp-json\/wp\/v2\/pages\/1091\/revisions"}],"predecessor-version":[{"id":4257,"href":"https:\/\/www.rennes-le-chateau.fr\/en\/wp-json\/wp\/v2\/pages\/1091\/revisions\/4257"}],"wp:attachment":[{"href":"https:\/\/www.rennes-le-chateau.fr\/en\/wp-json\/wp\/v2\/media?parent=1091"}],"curies":[{"name":"wp","href":"https:\/\/api.w.org\/{rel}","templated":true}]}}